{"id":1903,"date":"2025-12-29T13:25:18","date_gmt":"2025-12-29T13:25:18","guid":{"rendered":"https:\/\/adriansosnowski.pl\/www\/?page_id=1903"},"modified":"2025-12-29T14:06:28","modified_gmt":"2025-12-29T14:06:28","slug":"rodo","status":"publish","type":"page","link":"https:\/\/adriansosnowski.pl\/www\/rodo\/","title":{"rendered":"Polityka Prywatno\u015bci"},"content":{"rendered":"<div class=\"elementor-element elementor-element-4baac61b elementor-widget elementor-widget-heading\" data-id=\"4baac61b\" data-element_type=\"widget\" data-widget_type=\"heading.default\">\n<h2 class=\"elementor-heading-title elementor-size-default\"><span style=\"font-size: 1.375rem;\">Administrator Danych Osobowych<\/span><\/h2>\n<\/div>\n<div class=\"elementor-element elementor-element-62537ffa elementor-widget elementor-widget-text-editor\" data-id=\"62537ffa\" data-element_type=\"widget\" data-widget_type=\"text-editor.default\">\n<p>Administratorem Pa\u0144stwa danych osobowych, czyli podmiotem decyduj\u0105cym o celach i sposobach przetwarzania, jest Kancelaria Radcowska Radca Prawny Adrian Sosnowski, ul. Wojkowicka 2, 41-250 Czelad\u017a, NIP: 625\u00a0224 29 06 (dalej \u201eKancelaria\u201d).<\/p>\n<p>W sprawach zwi\u0105zanych z przetwarzaniem danych osobowych mog\u0105 Pa\u0144stwo skontaktowa\u0107 si\u0119 z nami r\u00f3wnie\u017c mailowo pod adresem: <a href=\"mailto:kancelaria@adriansosnowski.pl\">kancelaria@adriansosnowski.pl<\/a><\/p>\n<h4>Sk\u0105d mamy Pa\u0144stwa dane osobowe?<\/h4>\n<p>Dane te\u00a0otrzymali\u015bmy bezpo\u015brednio od\u00a0Pa\u0144stwa. Kancelaria otrzymuje dane osobowe swoich Klient\u00f3w tylko bezpo\u015brednio od\u00a0nich samych.<\/p>\n<h4>Jakie s\u0105\u00a0to\u00a0dane?<\/h4>\n<p>Dane osobowe, kt\u00f3re przetwarzamy to Pa\u0144stwa imi\u0119 oraz adres e mail i numer telefonu, kt\u00f3re podali\u015bcie nam w tracie rozmowy telefonicznej lub poprzez wiadomo\u015b\u0107 e mail. W razie skorzystania z naszych us\u0142ug, s\u0105 to r\u00f3wnie\u017c inne dane osobowe, kt\u00f3re s\u0105 niezb\u0119dne do w\u0142a\u015bciwego prowadzenia Pa\u0144stwa sprawy.<\/p>\n<h4>W jakim celu przetwarzamy dane osobowe?<\/h4>\n<p>Wszystkie dane osobowe, jakie udost\u0119pnili Pa\u0144stwo Kancelarii s\u0142u\u017c\u0105 przede wszystkim do\u00a0reprezentowania Pa\u0144stwa interes\u00f3w, s\u0105\u00a0wi\u0119c one przetwarzane w\u00a0celu ich prawid\u0142owego wykorzystania w\u00a0naszych analizach Pa\u0144stwa um\u00f3w kredytowych, w\u00a0wezwaniach, w\u00a0zawezwaniach do\u00a0pr\u00f3by ugodowej, w\u00a0pozwach, w\u00a0pismach procesowych, w\u00a0apelacjach, a\u00a0tak\u017ce w\u00a0celu za\u0142o\u017cenia i\u00a0prowadzenia akt Pa\u0144stwa sprawy. S\u0142u\u017c\u0105 one r\u00f3wnie\u017c do\u00a0udzielenia odpowiedzi na\u00a0Pa\u0144stwa pytanie zadane podczas rozmowy telefonicznej lub\u00a0za po\u015brednictwem wiadomo\u015bci e mail.<\/p>\n<h4>Na jakiej podstawie prawnej Kancelaria przetwarza dane osobowe?<\/h4>\n<p>Przetwarzamy Pa\u0144stwa dane przede wszystkim dlatego, \u017ce jest to niezb\u0119dne do wykonywania zawartej mi\u0119dzy nami umowy, zgodnie z Art. 6 ust. 1b rozporz\u0105dzenia unijnego.<br \/>\nPrzetwarzamy Pa\u0144stwa dane tak\u017ce na podstawie, i\u017c wyst\u0119puj\u0105 tak zwane prawnie uzasadnione interesy realizowane przez administratora, zgodnie z art. 6 ust. 1f rozporz\u0105dzenia.<br \/>\nPrzetwarzamy Pa\u0144stwa dane tak\u017ce dlatego, \u017ce jest to niezb\u0119dne do ochrony Pa\u0144stwa interes\u00f3w zgodnie z Art. 6 ust. 1d rozporz\u0105dzenia unijnego).<br \/>\nPrzetwarzamy Pa\u0144stwa dane takie jak (imi\u0119, numer telefonu, adres e mail), bo jest to niezb\u0119dne do udzielenia odpowiedzi na Pa\u0144stwa pytania.<br \/>\nPodanie powy\u017cszych danych jest niezb\u0119dne do zawarcia um\u00f3w o \u015bwiadczenie pomocy prawnej i rozliczenia dzia\u0142alno\u015bci oraz wywi\u0105zania si\u0119 Kancelarii z wymog\u00f3w prawa.<\/p>\n<h4>Uprawnienia w\u00a0zakresie przetwarzanych danych i\u00a0dobrowolno\u015b\u0107 ich podania<\/h4>\n<p>Ka\u017cdej osobie, kt\u00f3rej dane s\u0105\u00a0przetwarzane przez Kancelari\u0119, przys\u0142uguje prawo do:<\/p>\n<ul>\n<li>dost\u0119pu do\u00a0swoich danych oraz otrzymania ich kopii,<\/li>\n<li>sprostowania (poprawiania) swoich danych,<\/li>\n<li>usuni\u0119cia swoich danych,<\/li>\n<li>ograniczenia przetwarzania swoich danych,<\/li>\n<li>przenoszenia swoich danych \u2013 je\u015bli podstaw\u0105 prawn\u0105 ich przetwarzania jest zgoda (art. 6 ust. 1 lit. a\u00a0lub art. 9 ust. 2 lit. a\u00a0RODO) lub\u00a0umowa (art. 6 ust. 1 lit. b RODO),<\/li>\n<li>wniesienia sprzeciwu wobec przetwarzania jej danych osobowych \u2013 je\u015bli podstaw\u0105 prawn\u0105 ich przetwarzania jest prawnie uzasadniony interes (art. 6 ust. 1 lit. f RODO).<\/li>\n<\/ul>\n<p>Wi\u0119cej informacji o\u00a0prawach przys\u0142uguj\u0105cych osobom, kt\u00f3rych dane dotycz\u0105, zawieraj\u0105 przepisy art. 12\u201323 RODO. Ponadto osobie, kt\u00f3rej dane s\u0105\u00a0przetwarzane przez Kancelari\u0119, przys\u0142uguje prawo wniesienia skargi do\u00a0organu nadzorczego, tj. Prezesa Urz\u0119du Ochrony Danych Osobowych.<\/p>\n<p>Wi\u0119cej informacji pod adresem:\u00a0<a href=\"https:\/\/uodo.gov.pl\/pl\/493\/155\">https:\/\/uodo.gov.pl\/pl\/493\/155<\/a><\/p>\n<h4>Czy udost\u0119pniamy Pa\u0144stwa dane osobowe innym podmiotom?<\/h4>\n<p>Pa\u0144stwa dane s\u0105 przede wszystkim udost\u0119pniane instytucjom publicznym, a wi\u0119c s\u0105dom i innym organom (je\u015bli reprezentujemy Pa\u0144stwa przed tymi instytucjami) oraz podmiotom wsp\u00f3\u0142pracuj\u0105cym, to jest biuru rachunkowemu w zakresie rozlicze\u0144, osobom zatrudnionym w kancelarii \u2013 w tym innym prawnikom w sytuacji gdy do sprawy upowa\u017cniony jest inny radca prawny lub adwokat czy odpowiednio aplikant radcowski lub adwokacki na podstawie substytucji.<\/p>\n<h4>Okres przechowywania danych osobowych?<\/h4>\n<p>Pa\u0144stwa dane s\u0105 przede wszystkim udost\u0119pniane instytucjom publicznym, a wi\u0119c s\u0105dom i innym organom (je\u015bli reprezentujemy Pa\u0144stwa przed tymi instytucjami) oraz podmiotom wsp\u00f3\u0142pracuj\u0105cym, to jest biuru rachunkowemu w zakresie rozlicze\u0144, osobom zatrudnionym w kancelarii \u2013 w tym innym prawnikom w sytuacji gdy do sprawy upowa\u017cniony jest inny radca prawny lub adwokat czy odpowiednio aplikant radcowski lub adwokacki na podstawie substytucji.<\/p>\n<\/div>\n","protected":false},"excerpt":{"rendered":"<p>Administrator Danych Osobowych Administratorem Pa\u0144stwa danych osobowych, czyli podmiotem decyduj\u0105cym o celach i sposobach przetwarzania, jest Kancelaria Radcowska Radca Prawny Adrian Sosnowski, ul. Wojkowicka 2, 41-250 Czelad\u017a, NIP: 625\u00a0224 29 06 (dalej \u201eKancelaria\u201d). W sprawach zwi\u0105zanych z przetwarzaniem danych osobowych mog\u0105 Pa\u0144stwo skontaktowa\u0107 si\u0119 z nami r\u00f3wnie\u017c mailowo pod adresem: kancelaria@adriansosnowski.pl Sk\u0105d mamy Pa\u0144stwa dane [&hellip;]<\/p>\n","protected":false},"author":1,"featured_media":0,"parent":0,"menu_order":0,"comment_status":"closed","ping_status":"closed","template":"","meta":{"_uag_custom_page_level_css":"","site-sidebar-layout":"default","site-content-layout":"","ast-site-content-layout":"default","site-content-style":"default","site-sidebar-style":"default","ast-global-header-display":"","ast-banner-title-visibility":"","ast-main-header-display":"","ast-hfb-above-header-display":"","ast-hfb-below-header-display":"","ast-hfb-mobile-header-display":"","site-post-title":"","ast-breadcrumbs-content":"","ast-featured-img":"","footer-sml-layout":"","theme-transparent-header-meta":"default","adv-header-id-meta":"","stick-header-meta":"","header-above-stick-meta":"","header-main-stick-meta":"","header-below-stick-meta":"","astra-migrate-meta-layouts":"set","ast-page-background-enabled":"default","ast-page-background-meta":{"desktop":{"background-color":"var(--ast-global-color-4)","background-image":"","background-repeat":"repeat","background-position":"center center","background-size":"auto","background-attachment":"scroll","background-type":"","background-media":"","overlay-type":"","overlay-color":"","overlay-gradient":""},"tablet":{"background-color":"","background-image":"","background-repeat":"repeat","background-position":"center center","background-size":"auto","background-attachment":"scroll","background-type":"","background-media":"","overlay-type":"","overlay-color":"","overlay-gradient":""},"mobile":{"background-color":"","background-image":"","background-repeat":"repeat","background-position":"center center","background-size":"auto","background-attachment":"scroll","background-type":"","background-media":"","overlay-type":"","overlay-color":"","overlay-gradient":""}},"ast-content-background-meta":{"desktop":{"background-color":"var(--ast-global-color-5)","background-image":"","background-repeat":"repeat","background-position":"center center","background-size":"auto","background-attachment":"scroll","background-type":"","background-media":"","overlay-type":"","overlay-color":"","overlay-gradient":""},"tablet":{"background-color":"var(--ast-global-color-5)","background-image":"","background-repeat":"repeat","background-position":"center center","background-size":"auto","background-attachment":"scroll","background-type":"","background-media":"","overlay-type":"","overlay-color":"","overlay-gradient":""},"mobile":{"background-color":"var(--ast-global-color-5)","background-image":"","background-repeat":"repeat","background-position":"center center","background-size":"auto","background-attachment":"scroll","background-type":"","background-media":"","overlay-type":"","overlay-color":"","overlay-gradient":""}},"footnotes":""},"yoast_head":"<!-- This site is optimized with the Yoast SEO plugin v22.3 - https:\/\/yoast.com\/wordpress\/plugins\/seo\/ -->\n<title>Polityka Prywatno\u015bci -<\/title>\n<meta name=\"robots\" content=\"index, follow, max-snippet:-1, max-image-preview:large, max-video-preview:-1\" \/>\n<link rel=\"canonical\" href=\"https:\/\/adriansosnowski.pl\/www\/rodo\/\" \/>\n<meta property=\"og:locale\" content=\"pl_PL\" \/>\n<meta property=\"og:type\" content=\"article\" \/>\n<meta property=\"og:title\" content=\"Polityka Prywatno\u015bci -\" \/>\n<meta property=\"og:description\" content=\"Administrator Danych Osobowych Administratorem Pa\u0144stwa danych osobowych, czyli podmiotem decyduj\u0105cym o celach i sposobach przetwarzania, jest Kancelaria Radcowska Radca Prawny Adrian Sosnowski, ul. Wojkowicka 2, 41-250 Czelad\u017a, NIP: 625\u00a0224 29 06 (dalej \u201eKancelaria\u201d). W sprawach zwi\u0105zanych z przetwarzaniem danych osobowych mog\u0105 Pa\u0144stwo skontaktowa\u0107 si\u0119 z nami r\u00f3wnie\u017c mailowo pod adresem: kancelaria@adriansosnowski.pl Sk\u0105d mamy Pa\u0144stwa dane [&hellip;]\" \/>\n<meta property=\"og:url\" content=\"https:\/\/adriansosnowski.pl\/www\/rodo\/\" \/>\n<meta property=\"article:publisher\" content=\"https:\/\/www.facebook.com\/profile.php?id=100086249115104&amp;locale=pl_PL\" \/>\n<meta property=\"article:modified_time\" content=\"2025-12-29T14:06:28+00:00\" \/>\n<meta name=\"twitter:card\" content=\"summary_large_image\" \/>\n<meta name=\"twitter:label1\" content=\"Szacowany czas czytania\" \/>\n\t<meta name=\"twitter:data1\" content=\"4 minuty\" \/>\n<script type=\"application\/ld+json\" class=\"yoast-schema-graph\">{\"@context\":\"https:\/\/schema.org\",\"@graph\":[{\"@type\":\"WebPage\",\"@id\":\"https:\/\/adriansosnowski.pl\/www\/rodo\/\",\"url\":\"https:\/\/adriansosnowski.pl\/www\/rodo\/\",\"name\":\"Polityka Prywatno\u015bci -\",\"isPartOf\":{\"@id\":\"https:\/\/adriansosnowski.pl\/www\/#website\"},\"datePublished\":\"2025-12-29T13:25:18+00:00\",\"dateModified\":\"2025-12-29T14:06:28+00:00\",\"breadcrumb\":{\"@id\":\"https:\/\/adriansosnowski.pl\/www\/rodo\/#breadcrumb\"},\"inLanguage\":\"pl-PL\",\"potentialAction\":[{\"@type\":\"ReadAction\",\"target\":[\"https:\/\/adriansosnowski.pl\/www\/rodo\/\"]}]},{\"@type\":\"BreadcrumbList\",\"@id\":\"https:\/\/adriansosnowski.pl\/www\/rodo\/#breadcrumb\",\"itemListElement\":[{\"@type\":\"ListItem\",\"position\":1,\"name\":\"Strona g\u0142\u00f3wna\",\"item\":\"https:\/\/adriansosnowski.pl\/www\/\"},{\"@type\":\"ListItem\",\"position\":2,\"name\":\"Polityka Prywatno\u015bci\"}]},{\"@type\":\"WebSite\",\"@id\":\"https:\/\/adriansosnowski.pl\/www\/#website\",\"url\":\"https:\/\/adriansosnowski.pl\/www\/\",\"name\":\"Radca Prawny Adrian Sosnowski - Czelad\u017a\",\"description\":\"Adrian Sosnowski - Radca Prawny godny zaufania\",\"publisher\":{\"@id\":\"https:\/\/adriansosnowski.pl\/www\/#organization\"},\"potentialAction\":[{\"@type\":\"SearchAction\",\"target\":{\"@type\":\"EntryPoint\",\"urlTemplate\":\"https:\/\/adriansosnowski.pl\/www\/?s={search_term_string}\"},\"query-input\":\"required name=search_term_string\"}],\"inLanguage\":\"pl-PL\"},{\"@type\":\"Organization\",\"@id\":\"https:\/\/adriansosnowski.pl\/www\/#organization\",\"name\":\"Radca Prawny Adrian Sosnowski\",\"url\":\"https:\/\/adriansosnowski.pl\/www\/\",\"logo\":{\"@type\":\"ImageObject\",\"inLanguage\":\"pl-PL\",\"@id\":\"https:\/\/adriansosnowski.pl\/www\/#\/schema\/logo\/image\/\",\"url\":\"https:\/\/adriansosnowski.pl\/www\/wp-content\/uploads\/2022\/09\/cropped-AScale2.png\",\"contentUrl\":\"https:\/\/adriansosnowski.pl\/www\/wp-content\/uploads\/2022\/09\/cropped-AScale2.png\",\"width\":300,\"height\":80,\"caption\":\"Radca Prawny Adrian Sosnowski\"},\"image\":{\"@id\":\"https:\/\/adriansosnowski.pl\/www\/#\/schema\/logo\/image\/\"},\"sameAs\":[\"https:\/\/www.facebook.com\/profile.php?id=100086249115104&locale=pl_PL\"]}]}<\/script>\n<!-- \/ Yoast SEO plugin. -->","yoast_head_json":{"title":"Polityka Prywatno\u015bci -","robots":{"index":"index","follow":"follow","max-snippet":"max-snippet:-1","max-image-preview":"max-image-preview:large","max-video-preview":"max-video-preview:-1"},"canonical":"https:\/\/adriansosnowski.pl\/www\/rodo\/","og_locale":"pl_PL","og_type":"article","og_title":"Polityka Prywatno\u015bci -","og_description":"Administrator Danych Osobowych Administratorem Pa\u0144stwa danych osobowych, czyli podmiotem decyduj\u0105cym o celach i sposobach przetwarzania, jest Kancelaria Radcowska Radca Prawny Adrian Sosnowski, ul. Wojkowicka 2, 41-250 Czelad\u017a, NIP: 625\u00a0224 29 06 (dalej \u201eKancelaria\u201d). W sprawach zwi\u0105zanych z przetwarzaniem danych osobowych mog\u0105 Pa\u0144stwo skontaktowa\u0107 si\u0119 z nami r\u00f3wnie\u017c mailowo pod adresem: kancelaria@adriansosnowski.pl Sk\u0105d mamy Pa\u0144stwa dane [&hellip;]","og_url":"https:\/\/adriansosnowski.pl\/www\/rodo\/","article_publisher":"https:\/\/www.facebook.com\/profile.php?id=100086249115104&locale=pl_PL","article_modified_time":"2025-12-29T14:06:28+00:00","twitter_card":"summary_large_image","twitter_misc":{"Szacowany czas czytania":"4 minuty"},"schema":{"@context":"https:\/\/schema.org","@graph":[{"@type":"WebPage","@id":"https:\/\/adriansosnowski.pl\/www\/rodo\/","url":"https:\/\/adriansosnowski.pl\/www\/rodo\/","name":"Polityka Prywatno\u015bci -","isPartOf":{"@id":"https:\/\/adriansosnowski.pl\/www\/#website"},"datePublished":"2025-12-29T13:25:18+00:00","dateModified":"2025-12-29T14:06:28+00:00","breadcrumb":{"@id":"https:\/\/adriansosnowski.pl\/www\/rodo\/#breadcrumb"},"inLanguage":"pl-PL","potentialAction":[{"@type":"ReadAction","target":["https:\/\/adriansosnowski.pl\/www\/rodo\/"]}]},{"@type":"BreadcrumbList","@id":"https:\/\/adriansosnowski.pl\/www\/rodo\/#breadcrumb","itemListElement":[{"@type":"ListItem","position":1,"name":"Strona g\u0142\u00f3wna","item":"https:\/\/adriansosnowski.pl\/www\/"},{"@type":"ListItem","position":2,"name":"Polityka Prywatno\u015bci"}]},{"@type":"WebSite","@id":"https:\/\/adriansosnowski.pl\/www\/#website","url":"https:\/\/adriansosnowski.pl\/www\/","name":"Radca Prawny Adrian Sosnowski - Czelad\u017a","description":"Adrian Sosnowski - Radca Prawny godny zaufania","publisher":{"@id":"https:\/\/adriansosnowski.pl\/www\/#organization"},"potentialAction":[{"@type":"SearchAction","target":{"@type":"EntryPoint","urlTemplate":"https:\/\/adriansosnowski.pl\/www\/?s={search_term_string}"},"query-input":"required name=search_term_string"}],"inLanguage":"pl-PL"},{"@type":"Organization","@id":"https:\/\/adriansosnowski.pl\/www\/#organization","name":"Radca Prawny Adrian Sosnowski","url":"https:\/\/adriansosnowski.pl\/www\/","logo":{"@type":"ImageObject","inLanguage":"pl-PL","@id":"https:\/\/adriansosnowski.pl\/www\/#\/schema\/logo\/image\/","url":"https:\/\/adriansosnowski.pl\/www\/wp-content\/uploads\/2022\/09\/cropped-AScale2.png","contentUrl":"https:\/\/adriansosnowski.pl\/www\/wp-content\/uploads\/2022\/09\/cropped-AScale2.png","width":300,"height":80,"caption":"Radca Prawny Adrian Sosnowski"},"image":{"@id":"https:\/\/adriansosnowski.pl\/www\/#\/schema\/logo\/image\/"},"sameAs":["https:\/\/www.facebook.com\/profile.php?id=100086249115104&locale=pl_PL"]}]}},"uagb_featured_image_src":{"full":false,"thumbnail":false,"medium":false,"medium_large":false,"large":false,"1536x1536":false,"2048x2048":false},"uagb_author_info":{"display_name":"admin","author_link":"https:\/\/adriansosnowski.pl\/www\/author\/admin\/"},"uagb_comment_info":0,"uagb_excerpt":"Administrator Danych Osobowych Administratorem Pa\u0144stwa danych osobowych, czyli podmiotem decyduj\u0105cym o celach i sposobach przetwarzania, jest Kancelaria Radcowska Radca Prawny Adrian Sosnowski, ul. Wojkowicka 2, 41-250 Czelad\u017a, NIP: 625\u00a0224 29 06 (dalej \u201eKancelaria\u201d). W sprawach zwi\u0105zanych z przetwarzaniem danych osobowych mog\u0105 Pa\u0144stwo skontaktowa\u0107 si\u0119 z nami r\u00f3wnie\u017c mailowo pod adresem: kancelaria@adriansosnowski.pl Sk\u0105d mamy Pa\u0144stwa dane&hellip;","_links":{"self":[{"href":"https:\/\/adriansosnowski.pl\/www\/wp-json\/wp\/v2\/pages\/1903"}],"collection":[{"href":"https:\/\/adriansosnowski.pl\/www\/wp-json\/wp\/v2\/pages"}],"about":[{"href":"https:\/\/adriansosnowski.pl\/www\/wp-json\/wp\/v2\/types\/page"}],"author":[{"embeddable":true,"href":"https:\/\/adriansosnowski.pl\/www\/wp-json\/wp\/v2\/users\/1"}],"replies":[{"embeddable":true,"href":"https:\/\/adriansosnowski.pl\/www\/wp-json\/wp\/v2\/comments?post=1903"}],"version-history":[{"count":5,"href":"https:\/\/adriansosnowski.pl\/www\/wp-json\/wp\/v2\/pages\/1903\/revisions"}],"predecessor-version":[{"id":1911,"href":"https:\/\/adriansosnowski.pl\/www\/wp-json\/wp\/v2\/pages\/1903\/revisions\/1911"}],"wp:attachment":[{"href":"https:\/\/adriansosnowski.pl\/www\/wp-json\/wp\/v2\/media?parent=1903"}],"curies":[{"name":"wp","href":"https:\/\/api.w.org\/{rel}","templated":true}]}}